{"id":152,"date":"2015-08-26T14:58:02","date_gmt":"2015-08-26T14:58:02","guid":{"rendered":"http:\/\/www.caranorte.com\/ca\/?page_id=152"},"modified":"2016-10-30T10:14:28","modified_gmt":"2016-10-30T10:14:28","slug":"newsletter","status":"publish","type":"page","link":"https:\/\/www.caranorte.com\/ca\/newsletter\/","title":{"rendered":"El Butllet\u00ed"},"content":{"rendered":"<p><div class=\"fusion-fullwidth fullwidth-box fusion-builder-row-1 nonhundred-percent-fullwidth non-hundred-percent-height-scrolling\" style=\"--awb-background-position:left top;--awb-border-color:#e5e4e4;--awb-border-radius-top-left:0px;--awb-border-radius-top-right:0px;--awb-border-radius-bottom-right:0px;--awb-border-radius-bottom-left:0px;--awb-padding-top:30px;--awb-padding-bottom:35px;--awb-background-color:#333333;--awb-border-sizes-top:0px;--awb-border-sizes-bottom:0px;--awb-flex-wrap:wrap;\" ><div class=\"fusion-builder-row fusion-row\"><div class=\"fusion-layout-column fusion_builder_column fusion-builder-column-0 fusion_builder_column_1_1 1_1 fusion-one-full fusion-column-first fusion-column-last fusion-column-no-min-height\" style=\"--awb-bg-size:cover;--awb-margin-bottom:0px;\"><div class=\"fusion-column-wrapper fusion-flex-column-wrapper-legacy\"><div class=\"fusion-text fusion-text-1\"><h1 style=\"text-align: center; font-size: 30px !important; color: #fff !important;\">El Butllet\u00ed<\/h1>\n<\/div><div class=\"fusion-clearfix\"><\/div><\/div><\/div><\/div><\/div><div class=\"fusion-fullwidth fullwidth-box fusion-builder-row-2 hundred-percent-fullwidth non-hundred-percent-height-scrolling\" style=\"--awb-border-radius-top-left:0px;--awb-border-radius-top-right:0px;--awb-border-radius-bottom-right:0px;--awb-border-radius-bottom-left:0px;--awb-overflow:visible;--awb-padding-right:20px;--awb-padding-left:20px;--awb-flex-wrap:wrap;\" ><div class=\"fusion-builder-row fusion-row\"><div class=\"fusion-layout-column fusion_builder_column fusion-builder-column-1 fusion_builder_column_1_1 1_1 fusion-one-full fusion-column-first fusion-column-last fusion-column-no-min-height\" style=\"--awb-bg-size:cover;--awb-margin-bottom:0px;\"><div class=\"fusion-column-wrapper fusion-flex-column-wrapper-legacy\"><div class=\"fusion-section-separator section-separator triangle fusion-section-separator-1\" style=\"--awb-border-bottom:1px solid #333333;--awb-spacer-height:1px;--awb-svg-margin-left:0;--awb-svg-margin-right:0;--awb-icon-color:#ffffff;\"><div class=\"fusion-section-separator-svg\"><div class=\"divider-candy-arrow bottom\" style=\"top:0px;border-top-color: #333333;\"><\/div><div class=\"divider-candy bottom\" style=\"bottom:-21px;border-bottom:1px solid #333333;border-left:1px solid #333333;\"><\/div><\/div><div class=\"fusion-section-separator-spacer\"><div class=\"fusion-section-separator-spacer-height\"><\/div><\/div><\/div><div class=\"fusion-text fusion-text-2\"><\/div><div class=\"fusion-clearfix\"><\/div><\/div><\/div><\/div><\/div><div class=\"fusion-fullwidth fullwidth-box fusion-builder-row-3 nonhundred-percent-fullwidth non-hundred-percent-height-scrolling\" style=\"--awb-background-position:left top;--awb-border-radius-top-left:0px;--awb-border-radius-top-right:0px;--awb-border-radius-bottom-right:0px;--awb-border-radius-bottom-left:0px;--awb-padding-top:20px;--awb-padding-right:0px;--awb-padding-bottom:20px;--awb-padding-left:0px;--awb-border-sizes-top:0px;--awb-border-sizes-bottom:0px;--awb-flex-wrap:wrap;\" ><div class=\"fusion-builder-row fusion-row\"><div class=\"fusion-layout-column fusion_builder_column fusion-builder-column-2 fusion_builder_column_1_1 1_1 fusion-one-full fusion-column-first fusion-column-last fusion-column-no-min-height\" style=\"--awb-bg-size:cover;--awb-margin-bottom:0px;\"><div class=\"fusion-column-wrapper fusion-flex-column-wrapper-legacy\"><div class=\"fusion-text fusion-text-3\"><\/p>\n<div class=\"post-content\">\n<div class=\"fusion-fullwidth fullwidth-box\" style=\"background-color: #e8e8e8; background-attachment: scroll; background-position: left top; background-repeat: no-repeat; -webkit-background-size: cover; -moz-background-size: cover; -o-background-size: cover; background-size: cover; border-color: #eae9e9; border-bottom-width: 0px; border-top-width: 0px; border-bottom-style: solid; border-top-style: solid; padding: 40px;\">\n<div class=\"avada-row\">\n<div>\n<h2>Amb la finalitat de que no et perdis cap de les nostres millors activitats, ofertes i not\u00edcies vam crear el Butllet\u00ed.<br \/>Moltes gr\u00e0cies per confiar en nosaltres!<\/h2>\n<p>Per donar-te d&#8217;alta al Butllet\u00ed nom\u00e9s haur\u00e0s d&#8217;introdu\u00efr les seg\u00fcents dades:<\/p>\n<form action=\"http:\/\/scripts.dreamhost.com\/add_list.cgi\" method=\"post\"><input name=\"list\" type=\"hidden\" value=\"boletin@caranorte.com\" \/> <input name=\"domain\" type=\"hidden\" value=\"caranorte.com\" \/> <input name=\"emailit\" type=\"hidden\" value=\"1\" \/><strong>Nom<\/strong><input class=\"wpcf7-form-control wpcf7-text wpcf7-validates-as-required\" name=\"name\" size=\"25\" type=\"text\" \/><\/p>\n<p><strong>E-mail<\/strong><input class=\"wpcf7-form-control wpcf7-text wpcf7-validates-as-required\" name=\"email\" size=\"35\" type=\"text\" \/><\/p>\n<\/div>\n<div class=\"fusion-clearfix\">\n<input class=\"wpcf7-form-control wpcf7-submit\" name=\"submit\" type=\"submit\" value=\"Subscriure's\" \/><br \/>\n<\/form>\n<\/div>\n<p><strong><span class=\"n-18px\">\u00a0<\/span><\/strong><\/p>\n<p><a class=\"as-12px\" href=\"http:\/\/www.caranorte.com\/legal.php#datos\" target=\"popup\" rel=\"nofollow\">Pol\u00edtica de protecci\u00f3 de dades<\/a>.<\/p>\n<\/div>\n<\/div>\n<\/div>\n<\/div><div class=\"fusion-clearfix\"><\/div><\/div><\/div><\/div><\/div><\/p>\n","protected":false},"excerpt":{"rendered":"","protected":false},"author":1,"featured_media":0,"parent":0,"menu_order":0,"comment_status":"closed","ping_status":"closed","template":"100-width.php","meta":{"footnotes":""},"class_list":["post-152","page","type-page","status-publish","hentry"],"_links":{"self":[{"href":"https:\/\/www.caranorte.com\/ca\/wp-json\/wp\/v2\/pages\/152","targetHints":{"allow":["GET"]}}],"collection":[{"href":"https:\/\/www.caranorte.com\/ca\/wp-json\/wp\/v2\/pages"}],"about":[{"href":"https:\/\/www.caranorte.com\/ca\/wp-json\/wp\/v2\/types\/page"}],"author":[{"embeddable":true,"href":"https:\/\/www.caranorte.com\/ca\/wp-json\/wp\/v2\/users\/1"}],"replies":[{"embeddable":true,"href":"https:\/\/www.caranorte.com\/ca\/wp-json\/wp\/v2\/comments?post=152"}],"version-history":[{"count":10,"href":"https:\/\/www.caranorte.com\/ca\/wp-json\/wp\/v2\/pages\/152\/revisions"}],"predecessor-version":[{"id":644,"href":"https:\/\/www.caranorte.com\/ca\/wp-json\/wp\/v2\/pages\/152\/revisions\/644"}],"wp:attachment":[{"href":"https:\/\/www.caranorte.com\/ca\/wp-json\/wp\/v2\/media?parent=152"}],"curies":[{"name":"wp","href":"https:\/\/api.w.org\/{rel}","templated":true}]}}