{"id":493,"date":"2016-02-29T11:03:32","date_gmt":"2016-02-29T11:03:32","guid":{"rendered":"http:\/\/www.caranorte.com\/ca\/?page_id=493"},"modified":"2016-10-30T10:14:27","modified_gmt":"2016-10-30T10:14:27","slug":"escalada-amb-guia","status":"publish","type":"page","link":"https:\/\/www.caranorte.com\/ca\/escalada-amb-guia\/","title":{"rendered":"Escalada amb guia"},"content":{"rendered":"<p><div class=\"fusion-fullwidth fullwidth-box fusion-builder-row-1 nonhundred-percent-fullwidth non-hundred-percent-height-scrolling\" style=\"--awb-background-position:left top;--awb-border-radius-top-left:0px;--awb-border-radius-top-right:0px;--awb-border-radius-bottom-right:0px;--awb-border-radius-bottom-left:0px;--awb-padding-top:20px;--awb-padding-bottom:20px;--awb-border-sizes-top:0px;--awb-border-sizes-bottom:0px;--awb-flex-wrap:wrap;\" ><div class=\"fusion-builder-row fusion-row\"><div class=\"fusion-layout-column fusion_builder_column fusion-builder-column-0 fusion_builder_column_1_1 1_1 fusion-one-full fusion-column-first fusion-column-last fusion-column-no-min-height\" style=\"--awb-bg-size:cover;--awb-margin-bottom:0px;\"><div class=\"fusion-column-wrapper fusion-flex-column-wrapper-legacy\"><div class=\"fusion-text fusion-text-1\"><h1><strong>Escalada amb guia de muntanya<br \/>\n<\/strong><\/h1>\n<h2><strong>Sortida d&#8217;escalada amb guia a l&#8217;Alt Urgell per escalar una paret de 500 metres.<\/strong><\/h2>\n<div class=\"entry-content\">\n<div class=\"entry-body\">\n<p align=\"justify\">Si has fet vies llargues de 200 o 300 metres de fins a V+ i t&#8217;agradaria donar el salt a l&#8217;escalada en grans parets de la millor manera possible, el proper cap de setmana del 6 i 7 de mar\u00e7 et donem la possibilitat d&#8217;escalar una paret de 500 metres fent cordada amb un guia d&#8217;alta muntanya.<\/p>\n<p>L&#8217;ascensi\u00f3 tindr\u00e0 lloc a l&#8217;Alt Urgell, a la\u00a0<strong>Cinglera dels Esplovins. <\/strong>Per rebre m\u00e9s informaci\u00f3 o reservar l&#8217;activitat pots adre\u00e7ar-te amb <a href=\"http:\/\/www.caranorte.com\/ca\/contacte?assumpte=Consultes y reserves de la sortida d'escalada en via llarga&amp;dates=6 de mar\u00e7\">aquest enlla\u00e7<\/a>.<\/p>\n<\/div>\n<\/div>\n<p><img decoding=\"async\" class=\"alignnone size-full wp-image-16\" src=\"http:\/\/www.caranorte.com\/ca\/wp-content\/uploads\/layerslider\/1er-Banner-de-Caranorte-2015\/gorros.jpg\" alt=\"gorros\" width=\"693\" height=\"396\" srcset=\"https:\/\/www.caranorte.com\/ca\/wp-content\/uploads\/layerslider\/1er-Banner-de-Caranorte-2015\/gorros-300x171.jpg 300w, https:\/\/www.caranorte.com\/ca\/wp-content\/uploads\/layerslider\/1er-Banner-de-Caranorte-2015\/gorros.jpg 693w\" sizes=\"(max-width: 693px) 100vw, 693px\" \/><\/p>\n<p><strong title=\"Si vols fer una introducci\u00f3 a l'escalada en roca a la muntanya et pot interessar el programa d'iniciaci\u00f3 a l'escalada a Montserrat o la sortida d'escalada a Montserrat amb guia.&lt;\/p&gt;&lt;br \/&gt;&lt;br \/&gt;&lt;br \/&gt;&lt;br \/&gt;&lt;br \/&gt; &lt;p&gt;\"><span class=\"bold\">Objectius:<\/span><\/strong><\/p>\n<ul>\n<li class=\"padbot2\"><span class=\"bold\"><span id=\"result_box\" class=\"\" lang=\"es\"><span title=\"Aprendre a escollir, utilitzar i mantenir el material necessari per escalar.&lt;br \/&gt;&lt;br \/&gt;&lt;br \/&gt;&lt;br \/&gt;&lt;br \/&gt;&lt;br \/&gt; \">Escalar una via llarga de 500 metres.<\/span><\/span><\/span><\/li>\n<li class=\"padbot2\"><span class=\"bold\"><span id=\"result_box\" class=\"\" lang=\"es\"><span title=\"Aprendre a escollir, utilitzar i mantenir el material necessari per escalar.&lt;br \/&gt;&lt;br \/&gt;&lt;br \/&gt;&lt;br \/&gt;&lt;br \/&gt;&lt;br \/&gt; \">Reciclar i perfeccionar coneixements sobre l&#8217;escalada de vies llargues.<\/span><\/span><\/span><\/li>\n<li class=\"padbot2\"><span class=\"bold\"><span id=\"result_box\" class=\"\" lang=\"es\"><span class=\"padbot2\" title=\"Aprendre a escollir, utilitzar i mantenir el material necessari per escalar.&lt;br \/&gt;&lt;br \/&gt;&lt;br \/&gt;&lt;br \/&gt;&lt;br \/&gt;&lt;br \/&gt; \">Reciclar i perfeccionar la t\u00e8cnica i els recursos en l&#8217;escalada en paret. <\/span><\/span><\/span><\/li>\n<li class=\"padbot2\"><span class=\"bold\"><span class=\"\" lang=\"es\"><span title=\"Aprendre a escollir, utilitzar i mantenir el material necessari per escalar.&lt;br \/&gt;&lt;br \/&gt;&lt;br \/&gt;&lt;br \/&gt;&lt;br \/&gt;&lt;br \/&gt; \">Treballar la log\u00edstica i planificaci\u00f3 d&#8217;escalada en paret.<\/span><\/span><\/span><\/li>\n<\/ul>\n<p><strong title=\"Si vols fer una introducci\u00f3 a l'escalada en roca a la muntanya et pot interessar el programa d'iniciaci\u00f3 a l'escalada a Montserrat o la sortida d'escalada a Montserrat amb guia.&lt;\/p&gt;&lt;br \/&gt;&lt;br \/&gt;&lt;br \/&gt;&lt;br \/&gt;&lt;br \/&gt; &lt;p&gt;\"><span class=\"bold\">Tipus d&#8217;activitat:<\/span><\/strong><\/p>\n<ul>\n<li class=\"padbot2\"><span class=\"bold\"><span class=\"bold\"><span class=\"\" lang=\"es\"><span title=\"Aprendre a escollir, utilitzar i mantenir el material necessari per escalar.&lt;br \/&gt;&lt;br \/&gt;&lt;br \/&gt;&lt;br \/&gt;&lt;br \/&gt;&lt;br \/&gt; \">Personalitzada (grups redu\u00eft, places limitades).<\/span><\/span><\/span><\/span><\/li>\n<\/ul>\n<p class=\"padbot2\"><strong><span class=\"bold\"> Dates i lloc de realitzaci\u00f3 de l&#8217;activitat:<\/span><\/strong><\/p>\n<ul>\n<li class=\"padbot2\"><span class=\"bold\">6 de mar\u00e7.<\/span><\/li>\n<li class=\"padbot2\"><span class=\"bold\"><span class=\"bold\">Alt Urgell.<\/span><\/span><\/li>\n<li class=\"padbot2\"><span class=\"bold\"> <a href=\"http:\/\/www.caranorte.com\/ca\/contacte?assumpte=Dates de la sortida d'escalada en via llarga&amp;dates=Per determinar\">Consultar altres dates<\/a>.<br \/>\n<\/span><\/li>\n<\/ul>\n<p class=\"padbot2\"><strong><span class=\"bold\"> Preus:<\/span><\/strong><\/p>\n<ul>\n<li class=\"padbot2\"><span class=\"bold\"><span class=\"bold\">Preus adaptats (segons el nombre de participants de l&#8217;activitat i la complexitat de la via. <a href=\"http:\/\/www.caranorte.com\/ca\/contacte?assumpte=Preus de la sortida d'escalada en via llarga a l'Urgell&amp;dates=6 de mar\u00e7\">Consultar preus<\/a>.<\/span><\/span><\/li>\n<\/ul>\n<p class=\"padbot2\"><strong><span class=\"bold\"> Nivell:<\/span><\/strong><\/p>\n<ul>\n<li class=\"padbot2\"><span class=\"bold\">Es necessari tenir experi\u00e8ncia pr\u00e8via amb via llarga en itineraris de 200 0 300 metres i ser capa\u00e7 de superar de segon\/a dificultats de V+. <strong>No es una sortida d&#8217;iniciaci\u00f3 a la via llarga ni a l&#8217;escalada<\/strong>. Si tens dubtes pots <a href=\"http:\/\/www.caranorte.com\/ca\/contacte?assumpte=Nivell m\u00ednim per fer la sortida d'escalada en via llarga a l'Urgell&amp;dates=6 de mar\u00e7\">consultar si el teu nivell \u00e9s suficient<\/a>.<br \/>\n<\/span><\/li>\n<\/ul>\n<div class=\"fusion-button-wrapper\"><a class=\"fusion-button button-flat button-medium button-default fusion-button-default button-1 fusion-button-default-span fusion-button-default-type\" target=\"_self\" href=\"http:\/\/www.caranorte.com\/cat\/contacte\/?asunto=Info sobre el programa d&#039;escalada amb guia de muntanya?dates=6 de mar\u00e7\"><span class=\"fusion-button-text awb-button__text awb-button__text--default\">Informaci\u00f3 i reserves<\/span><\/a><\/div>\n<\/div><div class=\"fusion-clearfix\"><\/div><\/div><\/div><\/div><\/div><br \/>\n<!-- Facebook Pixel Code --><script src=\"http:\/\/www.caranorte.com\/js\/trackingcodefb.js\"><\/script><br \/>\n<!-- End Facebook Pixel Code --><\/p>\n","protected":false},"excerpt":{"rendered":"","protected":false},"author":1,"featured_media":0,"parent":0,"menu_order":0,"comment_status":"closed","ping_status":"closed","template":"100-width.php","meta":{"footnotes":""},"class_list":["post-493","page","type-page","status-publish","hentry"],"_links":{"self":[{"href":"https:\/\/www.caranorte.com\/ca\/wp-json\/wp\/v2\/pages\/493","targetHints":{"allow":["GET"]}}],"collection":[{"href":"https:\/\/www.caranorte.com\/ca\/wp-json\/wp\/v2\/pages"}],"about":[{"href":"https:\/\/www.caranorte.com\/ca\/wp-json\/wp\/v2\/types\/page"}],"author":[{"embeddable":true,"href":"https:\/\/www.caranorte.com\/ca\/wp-json\/wp\/v2\/users\/1"}],"replies":[{"embeddable":true,"href":"https:\/\/www.caranorte.com\/ca\/wp-json\/wp\/v2\/comments?post=493"}],"version-history":[{"count":6,"href":"https:\/\/www.caranorte.com\/ca\/wp-json\/wp\/v2\/pages\/493\/revisions"}],"predecessor-version":[{"id":630,"href":"https:\/\/www.caranorte.com\/ca\/wp-json\/wp\/v2\/pages\/493\/revisions\/630"}],"wp:attachment":[{"href":"https:\/\/www.caranorte.com\/ca\/wp-json\/wp\/v2\/media?parent=493"}],"curies":[{"name":"wp","href":"https:\/\/api.w.org\/{rel}","templated":true}]}}